{"id":531,"date":"2023-03-16T09:20:08","date_gmt":"2023-03-16T08:20:08","guid":{"rendered":"https:\/\/ofaffu.eu\/parrafo-introductorio\/"},"modified":"2023-03-20T16:06:20","modified_gmt":"2023-03-20T15:06:20","slug":"socio-del-proyecto","status":"publish","type":"page","link":"https:\/\/ofaffu.eu\/es\/socio-del-proyecto\/","title":{"rendered":"Socio del proyecto"},"content":{"rendered":"\t\t<div data-elementor-type=\"wp-page\" data-elementor-id=\"531\" class=\"elementor elementor-531 elementor-398\" data-elementor-post-type=\"page\">\n\t\t\t\t\t\t\t\t\t<section class=\"elementor-section elementor-top-section elementor-element elementor-element-2fbdcc2 elementor-section-content-top elementor-section-boxed elementor-section-height-default elementor-section-height-default\" data-id=\"2fbdcc2\" data-element_type=\"section\" data-settings=\"{&quot;background_background&quot;:&quot;classic&quot;}\">\n\t\t\t\t\t\t<div class=\"elementor-container elementor-column-gap-custom\">\n\t\t\t\t\t<div class=\"elementor-column elementor-col-50 elementor-top-column elementor-element elementor-element-9b18a2b\" data-id=\"9b18a2b\" data-element_type=\"column\">\n\t\t\t<div class=\"elementor-widget-wrap elementor-element-populated\">\n\t\t\t\t\t\t\t\t<div class=\"elementor-element elementor-element-b301e20 elementor-widget elementor-widget-heading\" data-id=\"b301e20\" data-element_type=\"widget\" data-widget_type=\"heading.default\">\n\t\t\t\t<div class=\"elementor-widget-container\">\n\t\t\t<style>\/*! elementor - v3.17.0 - 08-11-2023 *\/\n.elementor-heading-title{padding:0;margin:0;line-height:1}.elementor-widget-heading .elementor-heading-title[class*=elementor-size-]>a{color:inherit;font-size:inherit;line-height:inherit}.elementor-widget-heading .elementor-heading-title.elementor-size-small{font-size:15px}.elementor-widget-heading .elementor-heading-title.elementor-size-medium{font-size:19px}.elementor-widget-heading .elementor-heading-title.elementor-size-large{font-size:29px}.elementor-widget-heading .elementor-heading-title.elementor-size-xl{font-size:39px}.elementor-widget-heading .elementor-heading-title.elementor-size-xxl{font-size:59px}<\/style><h1 class=\"elementor-heading-title elementor-size-default\">Socio del <br> \nproyecto<\/h1>\t\t<\/div>\n\t\t\t\t<\/div>\n\t\t\t\t\t<\/div>\n\t\t<\/div>\n\t\t\t\t<div class=\"elementor-column elementor-col-50 elementor-top-column elementor-element elementor-element-b1e96f3\" data-id=\"b1e96f3\" data-element_type=\"column\">\n\t\t\t<div class=\"elementor-widget-wrap elementor-element-populated\">\n\t\t\t\t\t\t\t\t<div class=\"elementor-element elementor-element-f27455e elementor-widget__width-initial elementor-widget elementor-widget-text-editor\" data-id=\"f27455e\" data-element_type=\"widget\" data-widget_type=\"text-editor.default\">\n\t\t\t\t<div class=\"elementor-widget-container\">\n\t\t\t<style>\/*! elementor - v3.17.0 - 08-11-2023 *\/\n.elementor-widget-text-editor.elementor-drop-cap-view-stacked .elementor-drop-cap{background-color:#69727d;color:#fff}.elementor-widget-text-editor.elementor-drop-cap-view-framed .elementor-drop-cap{color:#69727d;border:3px solid;background-color:transparent}.elementor-widget-text-editor:not(.elementor-drop-cap-view-default) .elementor-drop-cap{margin-top:8px}.elementor-widget-text-editor:not(.elementor-drop-cap-view-default) .elementor-drop-cap-letter{width:1em;height:1em}.elementor-widget-text-editor .elementor-drop-cap{float:left;text-align:center;line-height:1;font-size:50px}.elementor-widget-text-editor .elementor-drop-cap-letter{display:inline-block}<\/style>\t\t\t\t<p>OFFAFU combina dos \u00e1reas esenciales que transformar\u00e1n Europa en el camino hacia la sostenibilidad: educaci\u00f3n y agricultura. Y son precisamente estas dos \u00e1reas las que est\u00e1n cubiertas por la experiencia y los conocimientos de los socios del proyecto. <strong>La BioFranqueza<\/strong> como productor agr\u00edcola de \u00e9xito en horticultura ecol\u00f3gica en Espa\u00f1a y <strong>KARBON Consulting GmbH<\/strong> con su experiencia educativa y sus est\u00e1ndares de calidad, especialmente en proyectos europeos.<\/p>\n\t\t\t\t\t\t<\/div>\n\t\t\t\t<\/div>\n\t\t\t\t\t<\/div>\n\t\t<\/div>\n\t\t\t\t\t\t\t<\/div>\n\t\t<\/section>\n\t\t\t\t<section class=\"elementor-section elementor-top-section elementor-element elementor-element-b470f24 elementor-section-boxed elementor-section-height-default elementor-section-height-default\" data-id=\"b470f24\" data-element_type=\"section\">\n\t\t\t\t\t\t<div class=\"elementor-container elementor-column-gap-default\">\n\t\t\t\t\t<div class=\"elementor-column elementor-col-50 elementor-top-column elementor-element elementor-element-04389d6\" data-id=\"04389d6\" data-element_type=\"column\">\n\t\t\t<div class=\"elementor-widget-wrap\">\n\t\t\t\t\t\t\t\t\t<\/div>\n\t\t<\/div>\n\t\t\t\t<div class=\"elementor-column elementor-col-50 elementor-top-column elementor-element elementor-element-971a618\" data-id=\"971a618\" data-element_type=\"column\">\n\t\t\t<div class=\"elementor-widget-wrap elementor-element-populated\">\n\t\t\t\t\t\t\t\t<div class=\"elementor-element elementor-element-93c576e e-transform elementor-widget elementor-widget-image\" data-id=\"93c576e\" data-element_type=\"widget\" data-settings=\"{&quot;_animation&quot;:&quot;none&quot;,&quot;_transform_rotateZ_effect_mobile&quot;:{&quot;unit&quot;:&quot;deg&quot;,&quot;size&quot;:335,&quot;sizes&quot;:[]},&quot;_transform_rotateZ_effect&quot;:{&quot;unit&quot;:&quot;px&quot;,&quot;size&quot;:&quot;&quot;,&quot;sizes&quot;:[]},&quot;_transform_rotateZ_effect_tablet&quot;:{&quot;unit&quot;:&quot;deg&quot;,&quot;size&quot;:&quot;&quot;,&quot;sizes&quot;:[]}}\" data-widget_type=\"image.default\">\n\t\t\t\t<div class=\"elementor-widget-container\">\n\t\t\t<style>\/*! elementor - v3.17.0 - 08-11-2023 *\/\n.elementor-widget-image{text-align:center}.elementor-widget-image a{display:inline-block}.elementor-widget-image a img[src$=\".svg\"]{width:48px}.elementor-widget-image img{vertical-align:middle;display:inline-block}<\/style>\t\t\t\t\t\t\t\t\t\t\t\t<img decoding=\"async\" width=\"1\" height=\"1\" src=\"https:\/\/ofaffu.eu\/wp-content\/uploads\/2023\/03\/ofaffu-pfeil.svg\" class=\"attachment-large size-large wp-image-375\" alt=\"\" loading=\"lazy\" \/>\t\t\t\t\t\t\t\t\t\t\t\t\t\t\t<\/div>\n\t\t\t\t<\/div>\n\t\t\t\t\t<\/div>\n\t\t<\/div>\n\t\t\t\t\t\t\t<\/div>\n\t\t<\/section>\n\t\t\t\t<section class=\"elementor-section elementor-top-section elementor-element elementor-element-d5e7a6f elementor-section-content-middle elementor-section-boxed elementor-section-height-default elementor-section-height-default\" data-id=\"d5e7a6f\" data-element_type=\"section\">\n\t\t\t\t\t\t<div class=\"elementor-container elementor-column-gap-custom\">\n\t\t\t\t\t<div class=\"elementor-column elementor-col-50 elementor-top-column elementor-element elementor-element-b102387\" data-id=\"b102387\" data-element_type=\"column\">\n\t\t\t<div class=\"elementor-widget-wrap elementor-element-populated\">\n\t\t\t\t\t\t\t\t<div class=\"elementor-element elementor-element-433c0a6 elementor-widget elementor-widget-heading\" data-id=\"433c0a6\" data-element_type=\"widget\" data-widget_type=\"heading.default\">\n\t\t\t\t<div class=\"elementor-widget-container\">\n\t\t\t<h2 class=\"elementor-heading-title elementor-size-default\">KARBON <\/br>\nConsulting GmbH<\/h2>\t\t<\/div>\n\t\t\t\t<\/div>\n\t\t\t\t<div class=\"elementor-element elementor-element-2327ab9 elementor-widget elementor-widget-text-editor\" data-id=\"2327ab9\" data-element_type=\"widget\" data-widget_type=\"text-editor.default\">\n\t\t\t\t<div class=\"elementor-widget-container\">\n\t\t\t\t\t\t\t<p style=\"font-size: 115%; margin-bottom: 0px;\"><strong>Educaci\u00f3n que mueve. Asesoramiento que funciona. Un valor a\u00f1adido para todos.<\/strong><\/p>\n\nEstos son los principios rectores de KARBON Consulting GmbH y se pueden encontrar en las tres \u00e1reas empresariales de educaci\u00f3n, consultor\u00eda y proyectos europeos. Como consultora de gesti\u00f3n con sede en Leutasch, Tirol\/Austria, la organizaci\u00f3n participa en el desarrollo de conceptos educativos innovadores en la formaci\u00f3n profesional, universitaria y de adultos. Adem\u00e1s, KARBON Consulting GmbH es una de las empresas impulsoras del Tirol que dise\u00f1a, gestiona e implementa proyectos europeos.\t\t\t\t\t\t<\/div>\n\t\t\t\t<\/div>\n\t\t\t\t<div class=\"elementor-element elementor-element-526b846 elementor-widget elementor-widget-text-editor\" data-id=\"526b846\" data-element_type=\"widget\" data-widget_type=\"text-editor.default\">\n\t\t\t\t<div class=\"elementor-widget-container\">\n\t\t\t\t\t\t\t<p style=\"font-size: 115%; margin-bottom: 0px;\"><strong>Educaci\u00f3n que mueve. Asesoramiento que funciona. Un valor a\u00f1adido para todos.<\/strong><\/p>\n<p>KARBON Consulting GmbH se posiciona en los Objetivos de Desarrollo Sostenible, es miembro del Pacto Mundial de las Naciones Unidas y de la Asociaci\u00f3n Internacional para la Orientaci\u00f3n Educativa y Profesional. Adem\u00e1s, desde hace unos a\u00f1os estamos activos para la C\u00e1mara Agricola y para el instituto de formaci\u00f3n rural en las areas de educaci\u00f3n, moderaci\u00f3n y en las actividades de los ponentes. La transformaci\u00f3n del sector agr\u00edcola es de particular preocupaci\u00f3n para KARBON Consulting GmbH, ya que en \u00faltima instancia se trata del futuro de todos nosotros. Por eso estamos muy contentos de formar parte de OFAFFU.<\/p>\n\t\t\t\t\t\t<\/div>\n\t\t\t\t<\/div>\n\t\t\t\t<div class=\"elementor-element elementor-element-8d0f3bc elementor-align-left elementor-widget elementor-widget-button\" data-id=\"8d0f3bc\" data-element_type=\"widget\" data-widget_type=\"button.default\">\n\t\t\t\t<div class=\"elementor-widget-container\">\n\t\t\t\t\t<div class=\"elementor-button-wrapper\">\n\t\t\t<a class=\"elementor-button elementor-button-link elementor-size-sm\" href=\"https:\/\/karbon-consulting.eu\/en\/\" target=\"_blank\">\n\t\t\t\t\t\t<span class=\"elementor-button-content-wrapper\">\n\t\t\t\t\t\t<span class=\"elementor-button-text\">Al sitio web<\/span>\n\t\t<\/span>\n\t\t\t\t\t<\/a>\n\t\t<\/div>\n\t\t\t\t<\/div>\n\t\t\t\t<\/div>\n\t\t\t\t\t<\/div>\n\t\t<\/div>\n\t\t\t\t<div class=\"elementor-column elementor-col-50 elementor-top-column elementor-element elementor-element-ba3f132\" data-id=\"ba3f132\" data-element_type=\"column\">\n\t\t\t<div class=\"elementor-widget-wrap elementor-element-populated\">\n\t\t\t\t\t\t\t\t<div class=\"elementor-element elementor-element-0cd3e46 elementor-widget elementor-widget-image\" data-id=\"0cd3e46\" data-element_type=\"widget\" data-widget_type=\"image.default\">\n\t\t\t\t<div class=\"elementor-widget-container\">\n\t\t\t\t\t\t\t\t\t\t\t\t\t\t\t<img decoding=\"async\" width=\"500\" height=\"550\" src=\"https:\/\/ofaffu.eu\/wp-content\/uploads\/2023\/03\/ofaffu-sonja-karbon.jpg\" class=\"attachment-large size-large wp-image-403\" alt=\"\" loading=\"lazy\" srcset=\"https:\/\/ofaffu.eu\/wp-content\/uploads\/2023\/03\/ofaffu-sonja-karbon.jpg 500w, https:\/\/ofaffu.eu\/wp-content\/uploads\/2023\/03\/ofaffu-sonja-karbon-273x300.jpg 273w\" sizes=\"(max-width: 500px) 100vw, 500px\" \/>\t\t\t\t\t\t\t\t\t\t\t\t\t\t\t<\/div>\n\t\t\t\t<\/div>\n\t\t\t\t\t<\/div>\n\t\t<\/div>\n\t\t\t\t\t\t\t<\/div>\n\t\t<\/section>\n\t\t\t\t<section class=\"elementor-section elementor-top-section elementor-element elementor-element-bacb112 elementor-section-content-middle elementor-section-boxed elementor-section-height-default elementor-section-height-default\" data-id=\"bacb112\" data-element_type=\"section\">\n\t\t\t\t\t\t<div class=\"elementor-container elementor-column-gap-custom\">\n\t\t\t\t\t<div class=\"elementor-column elementor-col-50 elementor-top-column elementor-element elementor-element-568dfdd\" data-id=\"568dfdd\" data-element_type=\"column\">\n\t\t\t<div class=\"elementor-widget-wrap elementor-element-populated\">\n\t\t\t\t\t\t\t\t<div class=\"elementor-element elementor-element-7735bb3 elementor-widget elementor-widget-heading\" data-id=\"7735bb3\" data-element_type=\"widget\" data-widget_type=\"heading.default\">\n\t\t\t\t<div class=\"elementor-widget-container\">\n\t\t\t<h2 class=\"elementor-heading-title elementor-size-default\">La BioFranqueza<\/h2>\t\t<\/div>\n\t\t\t\t<\/div>\n\t\t\t\t<div class=\"elementor-element elementor-element-241cf40 elementor-widget elementor-widget-text-editor\" data-id=\"241cf40\" data-element_type=\"widget\" data-widget_type=\"text-editor.default\">\n\t\t\t\t<div class=\"elementor-widget-container\">\n\t\t\t\t\t\t\t<p>Mientras tanto nos hemos consolidado como uno de los productores agr\u00edcolas l\u00edderes en Caudiel con el enfoque en la producci\u00f3n de verduras ecol\u00f3gicas locales y de temporada. Nuestro objetivo es combinar alta calidad con sostenibilidad. Ejercemos la econom\u00eda circular recuperando semillas locales de variedades antiguas y aumentando la biodiversidad plantando flores para insectos y reconstruyendo muros de piedra para reptiles. Se tiene especial cuidado para garantizar la salud del suelo mediante el suministro de estiercol de alta calidad de ganader\u00eda ovina local extensiva. Ejercemos la econom\u00eda circular recuperando semillas locales de variedades antiguas y aumentando la biodiversidad plantando flores para insectos y reconstruyendo muros de piedra para reptiles.<\/p>\n\t\t\t\t\t\t<\/div>\n\t\t\t\t<\/div>\n\t\t\t\t<div class=\"elementor-element elementor-element-afb0d3f elementor-widget elementor-widget-text-editor\" data-id=\"afb0d3f\" data-element_type=\"widget\" data-widget_type=\"text-editor.default\">\n\t\t\t\t<div class=\"elementor-widget-container\">\n\t\t\t\t\t\t\t<p style=\"font-size: 115%; margin-bottom: 0px;\"><strong>Nos gustar\u00eda dar a los agricultores una nueva perspectiva de futuro, especialmente en \u00e1reas remotas, y alentarlos en su coraje para ayudar a dar forma al futuro.<\/strong><\/p>\n<p>Por ello, La BioFranqueza tambi\u00e9n trabaja en cooperativas y apuesta por introducir nuevos conceptos sostenibles de edificaci\u00f3n agr\u00edcola con materiales locales y naturales.<br \/>Estamos implicados en la creaci\u00f3n de redes locales desde hace 10 a\u00f1os. A parte de la producci\u00f3n de productos agr\u00edcolas, hemos estado involucrados en proyectos educativos regionales en el campo de la agricultura, como por ejemplo: \u201cinvestigamos el pasado, sembramos el futuro\u201d &#8211; Creaci\u00f3n de materiales did\u00e1cticos para escuelas de zonas rurales, creaci\u00f3n de materiales expositivos sobre paisajes rurales tradicionales, publicaci\u00f3n de 2 libros (Arquitectura tradicional en los sistemas agr\u00edcolas hist\u00f3ricos valencianos y aplicaci\u00f3n de m\u00e9todos agroecon\u00f3micos para proteger el sistema agr\u00edcola hist\u00f3rico) tal como el desarrollo y dise\u00f1o de talleres ambientales y educativos para escuelas. <strong>Estamos felices de poder trabajar con OFAFFU para el futuro de la agricultura ecol\u00f3gica.<\/strong><\/p>\n\t\t\t\t\t\t<\/div>\n\t\t\t\t<\/div>\n\t\t\t\t<div class=\"elementor-element elementor-element-fcd52ce elementor-align-left elementor-widget elementor-widget-button\" data-id=\"fcd52ce\" data-element_type=\"widget\" data-widget_type=\"button.default\">\n\t\t\t\t<div class=\"elementor-widget-container\">\n\t\t\t\t\t<div class=\"elementor-button-wrapper\">\n\t\t\t<a class=\"elementor-button elementor-button-link elementor-size-sm\" href=\"https:\/\/labiofranquesa.wordpress.com\/\" target=\"_blank\">\n\t\t\t\t\t\t<span class=\"elementor-button-content-wrapper\">\n\t\t\t\t\t\t<span class=\"elementor-button-text\">Al sitio web<\/span>\n\t\t<\/span>\n\t\t\t\t\t<\/a>\n\t\t<\/div>\n\t\t\t\t<\/div>\n\t\t\t\t<\/div>\n\t\t\t\t\t<\/div>\n\t\t<\/div>\n\t\t\t\t<div class=\"elementor-column elementor-col-50 elementor-top-column elementor-element elementor-element-4f45ee3\" data-id=\"4f45ee3\" data-element_type=\"column\">\n\t\t\t<div class=\"elementor-widget-wrap elementor-element-populated\">\n\t\t\t\t\t\t\t\t<div class=\"elementor-element elementor-element-52c493c elementor-widget elementor-widget-image\" data-id=\"52c493c\" data-element_type=\"widget\" data-widget_type=\"image.default\">\n\t\t\t\t<div class=\"elementor-widget-container\">\n\t\t\t\t\t\t\t\t\t\t\t\t\t\t\t<img decoding=\"async\" width=\"550\" height=\"410\" src=\"https:\/\/ofaffu.eu\/wp-content\/uploads\/2023\/03\/ofaffu-Thomas-Laimgruber.jpg\" class=\"attachment-large size-large wp-image-406\" alt=\"\" loading=\"lazy\" srcset=\"https:\/\/ofaffu.eu\/wp-content\/uploads\/2023\/03\/ofaffu-Thomas-Laimgruber.jpg 550w, https:\/\/ofaffu.eu\/wp-content\/uploads\/2023\/03\/ofaffu-Thomas-Laimgruber-300x224.jpg 300w\" sizes=\"(max-width: 550px) 100vw, 550px\" \/>\t\t\t\t\t\t\t\t\t\t\t\t\t\t\t<\/div>\n\t\t\t\t<\/div>\n\t\t\t\t\t<\/div>\n\t\t<\/div>\n\t\t\t\t\t\t\t<\/div>\n\t\t<\/section>\n\t\t\t\t\t\t\t<\/div>\n\t\t","protected":false},"excerpt":{"rendered":"<p>Socio del proyecto OFFAFU combina dos \u00e1reas esenciales que transformar\u00e1n Europa en el camino hacia la sostenibilidad: educaci\u00f3n y agricultura. Y son precisamente estas dos \u00e1reas las que est\u00e1n cubiertas por la experiencia y los conocimientos de los socios del proyecto. La BioFranqueza como productor agr\u00edcola de \u00e9xito en horticultura ecol\u00f3gica en Espa\u00f1a y KARBON [&hellip;]<\/p>\n","protected":false},"author":2,"featured_media":0,"parent":0,"menu_order":0,"comment_status":"closed","ping_status":"closed","template":"","meta":{"inline_featured_image":false},"yoast_head":"<!-- This site is optimized with the Yoast SEO plugin v20.3 - https:\/\/yoast.com\/wordpress\/plugins\/seo\/ -->\n<title>Socio del proyecto - OFAFFU \u2013 Organic Farming for Future<\/title>\n<meta name=\"robots\" content=\"index, follow, max-snippet:-1, max-image-preview:large, max-video-preview:-1\" \/>\n<link rel=\"canonical\" href=\"https:\/\/ofaffu.eu\/es\/socio-del-proyecto\/\" \/>\n<meta property=\"og:locale\" content=\"es_ES\" \/>\n<meta property=\"og:type\" content=\"article\" \/>\n<meta property=\"og:title\" content=\"Socio del proyecto - OFAFFU \u2013 Organic Farming for Future\" \/>\n<meta property=\"og:description\" content=\"Socio del proyecto OFFAFU combina dos \u00e1reas esenciales que transformar\u00e1n Europa en el camino hacia la sostenibilidad: educaci\u00f3n y agricultura. Y son precisamente estas dos \u00e1reas las que est\u00e1n cubiertas por la experiencia y los conocimientos de los socios del proyecto. La BioFranqueza como productor agr\u00edcola de \u00e9xito en horticultura ecol\u00f3gica en Espa\u00f1a y KARBON [&hellip;]\" \/>\n<meta property=\"og:url\" content=\"https:\/\/ofaffu.eu\/es\/socio-del-proyecto\/\" \/>\n<meta property=\"og:site_name\" content=\"OFAFFU \u2013 Organic Farming for Future\" \/>\n<meta property=\"article:modified_time\" content=\"2023-03-20T15:06:20+00:00\" \/>\n<meta property=\"og:image\" content=\"https:\/\/ofaffu.eu\/wp-content\/uploads\/2023\/03\/ofaffu-pfeil.svg\" \/>\n<meta name=\"twitter:card\" content=\"summary_large_image\" \/>\n<meta name=\"twitter:label1\" content=\"Est. reading time\" \/>\n\t<meta name=\"twitter:data1\" content=\"3 minutos\" \/>\n<script type=\"application\/ld+json\" class=\"yoast-schema-graph\">{\"@context\":\"https:\/\/schema.org\",\"@graph\":[{\"@type\":\"WebPage\",\"@id\":\"https:\/\/ofaffu.eu\/es\/socio-del-proyecto\/\",\"url\":\"https:\/\/ofaffu.eu\/es\/socio-del-proyecto\/\",\"name\":\"Socio del proyecto - OFAFFU \u2013 Organic Farming for Future\",\"isPartOf\":{\"@id\":\"https:\/\/ofaffu.eu\/es\/#website\"},\"datePublished\":\"2023-03-16T08:20:08+00:00\",\"dateModified\":\"2023-03-20T15:06:20+00:00\",\"breadcrumb\":{\"@id\":\"https:\/\/ofaffu.eu\/es\/socio-del-proyecto\/#breadcrumb\"},\"inLanguage\":\"es\",\"potentialAction\":[{\"@type\":\"ReadAction\",\"target\":[\"https:\/\/ofaffu.eu\/es\/socio-del-proyecto\/\"]}]},{\"@type\":\"BreadcrumbList\",\"@id\":\"https:\/\/ofaffu.eu\/es\/socio-del-proyecto\/#breadcrumb\",\"itemListElement\":[{\"@type\":\"ListItem\",\"position\":1,\"name\":\"Home\",\"item\":\"https:\/\/ofaffu.eu\/es\/home\/\"},{\"@type\":\"ListItem\",\"position\":2,\"name\":\"Socio del proyecto\"}]},{\"@type\":\"WebSite\",\"@id\":\"https:\/\/ofaffu.eu\/es\/#website\",\"url\":\"https:\/\/ofaffu.eu\/es\/\",\"name\":\"OFAFFU \u2013 Organic Farming for Future\",\"description\":\"\",\"publisher\":{\"@id\":\"https:\/\/ofaffu.eu\/es\/#organization\"},\"potentialAction\":[{\"@type\":\"SearchAction\",\"target\":{\"@type\":\"EntryPoint\",\"urlTemplate\":\"https:\/\/ofaffu.eu\/es\/?s={search_term_string}\"},\"query-input\":\"required name=search_term_string\"}],\"inLanguage\":\"es\"},{\"@type\":\"Organization\",\"@id\":\"https:\/\/ofaffu.eu\/es\/#organization\",\"name\":\"OFAFFU \u2013 Organic Farming for Future\",\"url\":\"https:\/\/ofaffu.eu\/es\/\",\"logo\":{\"@type\":\"ImageObject\",\"inLanguage\":\"es\",\"@id\":\"https:\/\/ofaffu.eu\/es\/#\/schema\/logo\/image\/\",\"url\":\"https:\/\/ofaffu.eu\/wp-content\/uploads\/2023\/02\/ofaffu-logo.png\",\"contentUrl\":\"https:\/\/ofaffu.eu\/wp-content\/uploads\/2023\/02\/ofaffu-logo.png\",\"width\":801,\"height\":271,\"caption\":\"OFAFFU \u2013 Organic Farming for Future\"},\"image\":{\"@id\":\"https:\/\/ofaffu.eu\/es\/#\/schema\/logo\/image\/\"}}]}<\/script>\n<!-- \/ Yoast SEO plugin. -->","yoast_head_json":{"title":"Socio del proyecto - OFAFFU \u2013 Organic Farming for Future","robots":{"index":"index","follow":"follow","max-snippet":"max-snippet:-1","max-image-preview":"max-image-preview:large","max-video-preview":"max-video-preview:-1"},"canonical":"https:\/\/ofaffu.eu\/es\/socio-del-proyecto\/","og_locale":"es_ES","og_type":"article","og_title":"Socio del proyecto - OFAFFU \u2013 Organic Farming for Future","og_description":"Socio del proyecto OFFAFU combina dos \u00e1reas esenciales que transformar\u00e1n Europa en el camino hacia la sostenibilidad: educaci\u00f3n y agricultura. Y son precisamente estas dos \u00e1reas las que est\u00e1n cubiertas por la experiencia y los conocimientos de los socios del proyecto. La BioFranqueza como productor agr\u00edcola de \u00e9xito en horticultura ecol\u00f3gica en Espa\u00f1a y KARBON [&hellip;]","og_url":"https:\/\/ofaffu.eu\/es\/socio-del-proyecto\/","og_site_name":"OFAFFU \u2013 Organic Farming for Future","article_modified_time":"2023-03-20T15:06:20+00:00","og_image":[{"url":"https:\/\/ofaffu.eu\/wp-content\/uploads\/2023\/03\/ofaffu-pfeil.svg"}],"twitter_card":"summary_large_image","twitter_misc":{"Est. reading time":"3 minutos"},"schema":{"@context":"https:\/\/schema.org","@graph":[{"@type":"WebPage","@id":"https:\/\/ofaffu.eu\/es\/socio-del-proyecto\/","url":"https:\/\/ofaffu.eu\/es\/socio-del-proyecto\/","name":"Socio del proyecto - OFAFFU \u2013 Organic Farming for Future","isPartOf":{"@id":"https:\/\/ofaffu.eu\/es\/#website"},"datePublished":"2023-03-16T08:20:08+00:00","dateModified":"2023-03-20T15:06:20+00:00","breadcrumb":{"@id":"https:\/\/ofaffu.eu\/es\/socio-del-proyecto\/#breadcrumb"},"inLanguage":"es","potentialAction":[{"@type":"ReadAction","target":["https:\/\/ofaffu.eu\/es\/socio-del-proyecto\/"]}]},{"@type":"BreadcrumbList","@id":"https:\/\/ofaffu.eu\/es\/socio-del-proyecto\/#breadcrumb","itemListElement":[{"@type":"ListItem","position":1,"name":"Home","item":"https:\/\/ofaffu.eu\/es\/home\/"},{"@type":"ListItem","position":2,"name":"Socio del proyecto"}]},{"@type":"WebSite","@id":"https:\/\/ofaffu.eu\/es\/#website","url":"https:\/\/ofaffu.eu\/es\/","name":"OFAFFU \u2013 Organic Farming for Future","description":"","publisher":{"@id":"https:\/\/ofaffu.eu\/es\/#organization"},"potentialAction":[{"@type":"SearchAction","target":{"@type":"EntryPoint","urlTemplate":"https:\/\/ofaffu.eu\/es\/?s={search_term_string}"},"query-input":"required name=search_term_string"}],"inLanguage":"es"},{"@type":"Organization","@id":"https:\/\/ofaffu.eu\/es\/#organization","name":"OFAFFU \u2013 Organic Farming for Future","url":"https:\/\/ofaffu.eu\/es\/","logo":{"@type":"ImageObject","inLanguage":"es","@id":"https:\/\/ofaffu.eu\/es\/#\/schema\/logo\/image\/","url":"https:\/\/ofaffu.eu\/wp-content\/uploads\/2023\/02\/ofaffu-logo.png","contentUrl":"https:\/\/ofaffu.eu\/wp-content\/uploads\/2023\/02\/ofaffu-logo.png","width":801,"height":271,"caption":"OFAFFU \u2013 Organic Farming for Future"},"image":{"@id":"https:\/\/ofaffu.eu\/es\/#\/schema\/logo\/image\/"}}]}},"_links":{"self":[{"href":"https:\/\/ofaffu.eu\/es\/wp-json\/wp\/v2\/pages\/531"}],"collection":[{"href":"https:\/\/ofaffu.eu\/es\/wp-json\/wp\/v2\/pages"}],"about":[{"href":"https:\/\/ofaffu.eu\/es\/wp-json\/wp\/v2\/types\/page"}],"author":[{"embeddable":true,"href":"https:\/\/ofaffu.eu\/es\/wp-json\/wp\/v2\/users\/2"}],"replies":[{"embeddable":true,"href":"https:\/\/ofaffu.eu\/es\/wp-json\/wp\/v2\/comments?post=531"}],"version-history":[{"count":8,"href":"https:\/\/ofaffu.eu\/es\/wp-json\/wp\/v2\/pages\/531\/revisions"}],"predecessor-version":[{"id":612,"href":"https:\/\/ofaffu.eu\/es\/wp-json\/wp\/v2\/pages\/531\/revisions\/612"}],"wp:attachment":[{"href":"https:\/\/ofaffu.eu\/es\/wp-json\/wp\/v2\/media?parent=531"}],"curies":[{"name":"wp","href":"https:\/\/api.w.org\/{rel}","templated":true}]}}