{"id":566,"date":"2023-03-16T14:43:56","date_gmt":"2023-03-16T13:43:56","guid":{"rendered":"https:\/\/ofaffu.eu\/impressum\/"},"modified":"2023-03-19T18:07:30","modified_gmt":"2023-03-19T17:07:30","slug":"impressum","status":"publish","type":"page","link":"https:\/\/ofaffu.eu\/de\/impressum\/","title":{"rendered":"Impressum"},"content":{"rendered":"\t\t<div data-elementor-type=\"wp-page\" data-elementor-id=\"566\" class=\"elementor elementor-566 elementor-459\" data-elementor-post-type=\"page\">\n\t\t\t\t\t\t\t\t\t<section class=\"elementor-section elementor-top-section elementor-element elementor-element-6f1d8c2a elementor-section-boxed elementor-section-height-default elementor-section-height-default\" data-id=\"6f1d8c2a\" data-element_type=\"section\">\n\t\t\t\t\t\t<div class=\"elementor-container elementor-column-gap-default\">\n\t\t\t\t\t<div class=\"elementor-column elementor-col-100 elementor-top-column elementor-element elementor-element-9e3aea\" data-id=\"9e3aea\" data-element_type=\"column\">\n\t\t\t<div class=\"elementor-widget-wrap elementor-element-populated\">\n\t\t\t\t\t\t\t\t<div class=\"elementor-element elementor-element-21e3bea6 elementor-widget elementor-widget-text-editor\" data-id=\"21e3bea6\" data-element_type=\"widget\" data-widget_type=\"text-editor.default\">\n\t\t\t\t<div class=\"elementor-widget-container\">\n\t\t\t<style>\/*! elementor - v3.17.0 - 08-11-2023 *\/\n.elementor-widget-text-editor.elementor-drop-cap-view-stacked .elementor-drop-cap{background-color:#69727d;color:#fff}.elementor-widget-text-editor.elementor-drop-cap-view-framed .elementor-drop-cap{color:#69727d;border:3px solid;background-color:transparent}.elementor-widget-text-editor:not(.elementor-drop-cap-view-default) .elementor-drop-cap{margin-top:8px}.elementor-widget-text-editor:not(.elementor-drop-cap-view-default) .elementor-drop-cap-letter{width:1em;height:1em}.elementor-widget-text-editor .elementor-drop-cap{float:left;text-align:center;line-height:1;font-size:50px}.elementor-widget-text-editor .elementor-drop-cap-letter{display:inline-block}<\/style>\t\t\t\t<h1 class=\"elementor-heading-title elementor-size-default\">Impressum<\/h1>\n<div class=\"elementor-element elementor-element-f61b698 elementor-widget elementor-widget-text-editor\" data-id=\"f61b698\" data-element_type=\"widget\" data-widget_type=\"text-editor.default\">\n<div class=\"elementor-widget-container\">\n<div class=\"elementor-text-editor elementor-clearfix\">\n<p><strong>KARBON Consulting GmbH<br \/><\/strong>Gesch\u00e4ftsf\u00fchrung: Sonja Karbon<\/p>\n<p>Emmat 370<br \/>6105 Leutasch<br \/>Firmenbuchnr. FN 569227z<br \/>Handelsgericht Innsbruck<\/p>\n<p>UID Nr. ATU77516323<\/p>\n<p>Unternehmensgegenstand: Unternehmensberatung<\/p>\n<p>E-Mail: <a href=\"mailto:info@karbon-consulting.eu\">info@karbon-consulting.eu<\/a><br \/>Tel.: <a href=\"tel:00436502765216\">+43 650 276 52 16<\/a><\/p>\n<p>Verantwortlich f\u00fcr den Inhalt: Sonja Karbon<br \/>Konzeption, Design und Umsetzung der Website: bFlow Webdesign &amp; Online Marketing Tirol<\/p>\n<\/p>\n<h2>Disclaimer<\/h2>\n<h3>Haftung f\u00fcr Inhalte<\/h3>\n<p>Als Diensteanbieter sind wir f\u00fcr eigene Inhalte auf diesen Seiten nach den allgemeinen Gesetzen verantwortlich. Wir sind als Diensteanbieter jedoch nicht verpflichtet, \u00fcbermittelte oder gespeicherte fremde Informationen zu \u00fcberwachen oder nach Umst\u00e4nden zu forschen, die auf eine rechtswidrige T\u00e4tigkeit hinweisen.<br \/>Verpflichtungen zur Entfernung oder Sperrung der Nutzung von Informationen nach den allgemeinen Gesetzen bleiben hiervon unber\u00fchrt. Eine diesbez\u00fcgliche Haftung ist jedoch erst ab dem Zeitpunkt der Kenntnis einer konkreten Rechtsverletzung m\u00f6glich. Bei Bekanntwerden von entsprechenden Rechtsverletzungen werden wir diese Inhalte umgehend entfernen.<\/p>\n<h3>Haftung f\u00fcr Links<\/h3>\n<p>Unser Angebot enth\u00e4lt Links zu externen Websites Dritter, auf deren Inhalte wir keinen Einfluss haben. Deshalb k\u00f6nnen wir f\u00fcr diese fremden Inhalte auch keine Gew\u00e4hr \u00fcbernehmen. F\u00fcr die Inhalte der verlinkten Seiten ist stets der jeweilige Anbieter oder Betreiber der Seiten verantwortlich. Die verlinkten Seiten wurden zum Zeitpunkt der Verlinkung auf m\u00f6gliche Rechtsverst\u00f6\u00dfe \u00fcberpr\u00fcft. Rechtswidrige Inhalte waren zum Zeitpunkt der Verlinkung nicht erkennbar.<br \/>Eine permanente inhaltliche Kontrolle der verlinkten Seiten ist jedoch ohne konkrete Anhaltspunkte einer Rechtsverletzung nicht zumutbar. Bei Bekanntwerden von Rechtsverletzungen werden wir derartige Links umgehend entfernen.<\/p>\n<h2>Urheberrecht<\/h2>\n<p>Die durch die Seitenbetreiber erstellten Inhalte und Werke auf diesen Seiten unterliegen dem \u00f6sterreichischen Urheberrecht. Die Vervielf\u00e4ltigung, Bearbeitung, Verbreitung und jede Art der Verwertung au\u00dferhalb der Grenzen des Urheberrechtes bed\u00fcrfen der schriftlichen Zustimmung des jeweiligen Autors bzw. Erstellers. Downloads und Kopien dieser Seite sind nur f\u00fcr den privaten, nicht kommerziellen Gebrauch gestattet.<br \/>Soweit die Inhalte auf dieser Seite nicht vom Betreiber erstellt wurden, werden die Urheberrechte Dritter beachtet. Insbesondere werden Inhalte Dritter als solche gekennzeichnet. Sollten Sie trotzdem auf eine Urheberrechtsverletzung aufmerksam werden, bitten wir um einen entsprechenden Hinweis. Bei Bekanntwerden von Rechtsverletzungen werden wir derartige Inhalte umgehend entfernen.<\/p>\n<\/div>\n<\/div>\n<\/div>\n\t\t\t\t\t\t<\/div>\n\t\t\t\t<\/div>\n\t\t\t\t\t<\/div>\n\t\t<\/div>\n\t\t\t\t\t\t\t<\/div>\n\t\t<\/section>\n\t\t\t\t\t\t\t<\/div>\n\t\t","protected":false},"excerpt":{"rendered":"<p>Impressum KARBON Consulting GmbHGesch\u00e4ftsf\u00fchrung: Sonja Karbon Emmat 3706105 LeutaschFirmenbuchnr. FN 569227zHandelsgericht Innsbruck UID Nr. ATU77516323 Unternehmensgegenstand: Unternehmensberatung E-Mail: info@karbon-consulting.euTel.: +43 650 276 52 16 Verantwortlich f\u00fcr den Inhalt: Sonja KarbonKonzeption, Design und Umsetzung der Website: bFlow Webdesign &amp; Online Marketing Tirol Disclaimer Haftung f\u00fcr Inhalte Als Diensteanbieter sind wir f\u00fcr eigene Inhalte auf diesen Seiten [&hellip;]<\/p>\n","protected":false},"author":2,"featured_media":0,"parent":0,"menu_order":0,"comment_status":"closed","ping_status":"closed","template":"","meta":{"inline_featured_image":false},"yoast_head":"<!-- This site is optimized with the Yoast SEO plugin v20.3 - https:\/\/yoast.com\/wordpress\/plugins\/seo\/ -->\n<title>Impressum - OFAFFU \u2013 Organic Farming for Future<\/title>\n<meta name=\"robots\" content=\"index, follow, max-snippet:-1, max-image-preview:large, max-video-preview:-1\" \/>\n<link rel=\"canonical\" href=\"https:\/\/ofaffu.eu\/de\/impressum\/\" \/>\n<meta property=\"og:locale\" content=\"de_DE\" \/>\n<meta property=\"og:type\" content=\"article\" \/>\n<meta property=\"og:title\" content=\"Impressum - OFAFFU \u2013 Organic Farming for Future\" \/>\n<meta property=\"og:description\" content=\"Impressum KARBON Consulting GmbHGesch\u00e4ftsf\u00fchrung: Sonja Karbon Emmat 3706105 LeutaschFirmenbuchnr. FN 569227zHandelsgericht Innsbruck UID Nr. ATU77516323 Unternehmensgegenstand: Unternehmensberatung E-Mail: info@karbon-consulting.euTel.: +43 650 276 52 16 Verantwortlich f\u00fcr den Inhalt: Sonja KarbonKonzeption, Design und Umsetzung der Website: bFlow Webdesign &amp; Online Marketing Tirol Disclaimer Haftung f\u00fcr Inhalte Als Diensteanbieter sind wir f\u00fcr eigene Inhalte auf diesen Seiten [&hellip;]\" \/>\n<meta property=\"og:url\" content=\"https:\/\/ofaffu.eu\/de\/impressum\/\" \/>\n<meta property=\"og:site_name\" content=\"OFAFFU \u2013 Organic Farming for Future\" \/>\n<meta property=\"article:modified_time\" content=\"2023-03-19T17:07:30+00:00\" \/>\n<meta name=\"twitter:card\" content=\"summary_large_image\" \/>\n<meta name=\"twitter:label1\" content=\"Est. reading time\" \/>\n\t<meta name=\"twitter:data1\" content=\"2 Minuten\" \/>\n<script type=\"application\/ld+json\" class=\"yoast-schema-graph\">{\"@context\":\"https:\/\/schema.org\",\"@graph\":[{\"@type\":\"WebPage\",\"@id\":\"https:\/\/ofaffu.eu\/de\/impressum\/\",\"url\":\"https:\/\/ofaffu.eu\/de\/impressum\/\",\"name\":\"Impressum - OFAFFU \u2013 Organic Farming for Future\",\"isPartOf\":{\"@id\":\"https:\/\/ofaffu.eu\/de\/#website\"},\"datePublished\":\"2023-03-16T13:43:56+00:00\",\"dateModified\":\"2023-03-19T17:07:30+00:00\",\"breadcrumb\":{\"@id\":\"https:\/\/ofaffu.eu\/de\/impressum\/#breadcrumb\"},\"inLanguage\":\"de-DE\",\"potentialAction\":[{\"@type\":\"ReadAction\",\"target\":[\"https:\/\/ofaffu.eu\/de\/impressum\/\"]}]},{\"@type\":\"BreadcrumbList\",\"@id\":\"https:\/\/ofaffu.eu\/de\/impressum\/#breadcrumb\",\"itemListElement\":[{\"@type\":\"ListItem\",\"position\":1,\"name\":\"Home\",\"item\":\"https:\/\/ofaffu.eu\/de\/\"},{\"@type\":\"ListItem\",\"position\":2,\"name\":\"Impressum\"}]},{\"@type\":\"WebSite\",\"@id\":\"https:\/\/ofaffu.eu\/de\/#website\",\"url\":\"https:\/\/ofaffu.eu\/de\/\",\"name\":\"OFAFFU \u2013 Organic Farming for Future\",\"description\":\"\",\"publisher\":{\"@id\":\"https:\/\/ofaffu.eu\/de\/#organization\"},\"potentialAction\":[{\"@type\":\"SearchAction\",\"target\":{\"@type\":\"EntryPoint\",\"urlTemplate\":\"https:\/\/ofaffu.eu\/de\/?s={search_term_string}\"},\"query-input\":\"required name=search_term_string\"}],\"inLanguage\":\"de-DE\"},{\"@type\":\"Organization\",\"@id\":\"https:\/\/ofaffu.eu\/de\/#organization\",\"name\":\"OFAFFU \u2013 Organic Farming for Future\",\"url\":\"https:\/\/ofaffu.eu\/de\/\",\"logo\":{\"@type\":\"ImageObject\",\"inLanguage\":\"de-DE\",\"@id\":\"https:\/\/ofaffu.eu\/de\/#\/schema\/logo\/image\/\",\"url\":\"https:\/\/ofaffu.eu\/wp-content\/uploads\/2023\/02\/ofaffu-logo.png\",\"contentUrl\":\"https:\/\/ofaffu.eu\/wp-content\/uploads\/2023\/02\/ofaffu-logo.png\",\"width\":801,\"height\":271,\"caption\":\"OFAFFU \u2013 Organic Farming for Future\"},\"image\":{\"@id\":\"https:\/\/ofaffu.eu\/de\/#\/schema\/logo\/image\/\"}}]}<\/script>\n<!-- \/ Yoast SEO plugin. -->","yoast_head_json":{"title":"Impressum - OFAFFU \u2013 Organic Farming for Future","robots":{"index":"index","follow":"follow","max-snippet":"max-snippet:-1","max-image-preview":"max-image-preview:large","max-video-preview":"max-video-preview:-1"},"canonical":"https:\/\/ofaffu.eu\/de\/impressum\/","og_locale":"de_DE","og_type":"article","og_title":"Impressum - OFAFFU \u2013 Organic Farming for Future","og_description":"Impressum KARBON Consulting GmbHGesch\u00e4ftsf\u00fchrung: Sonja Karbon Emmat 3706105 LeutaschFirmenbuchnr. FN 569227zHandelsgericht Innsbruck UID Nr. ATU77516323 Unternehmensgegenstand: Unternehmensberatung E-Mail: info@karbon-consulting.euTel.: +43 650 276 52 16 Verantwortlich f\u00fcr den Inhalt: Sonja KarbonKonzeption, Design und Umsetzung der Website: bFlow Webdesign &amp; Online Marketing Tirol Disclaimer Haftung f\u00fcr Inhalte Als Diensteanbieter sind wir f\u00fcr eigene Inhalte auf diesen Seiten [&hellip;]","og_url":"https:\/\/ofaffu.eu\/de\/impressum\/","og_site_name":"OFAFFU \u2013 Organic Farming for Future","article_modified_time":"2023-03-19T17:07:30+00:00","twitter_card":"summary_large_image","twitter_misc":{"Est. reading time":"2 Minuten"},"schema":{"@context":"https:\/\/schema.org","@graph":[{"@type":"WebPage","@id":"https:\/\/ofaffu.eu\/de\/impressum\/","url":"https:\/\/ofaffu.eu\/de\/impressum\/","name":"Impressum - OFAFFU \u2013 Organic Farming for Future","isPartOf":{"@id":"https:\/\/ofaffu.eu\/de\/#website"},"datePublished":"2023-03-16T13:43:56+00:00","dateModified":"2023-03-19T17:07:30+00:00","breadcrumb":{"@id":"https:\/\/ofaffu.eu\/de\/impressum\/#breadcrumb"},"inLanguage":"de-DE","potentialAction":[{"@type":"ReadAction","target":["https:\/\/ofaffu.eu\/de\/impressum\/"]}]},{"@type":"BreadcrumbList","@id":"https:\/\/ofaffu.eu\/de\/impressum\/#breadcrumb","itemListElement":[{"@type":"ListItem","position":1,"name":"Home","item":"https:\/\/ofaffu.eu\/de\/"},{"@type":"ListItem","position":2,"name":"Impressum"}]},{"@type":"WebSite","@id":"https:\/\/ofaffu.eu\/de\/#website","url":"https:\/\/ofaffu.eu\/de\/","name":"OFAFFU \u2013 Organic Farming for Future","description":"","publisher":{"@id":"https:\/\/ofaffu.eu\/de\/#organization"},"potentialAction":[{"@type":"SearchAction","target":{"@type":"EntryPoint","urlTemplate":"https:\/\/ofaffu.eu\/de\/?s={search_term_string}"},"query-input":"required name=search_term_string"}],"inLanguage":"de-DE"},{"@type":"Organization","@id":"https:\/\/ofaffu.eu\/de\/#organization","name":"OFAFFU \u2013 Organic Farming for Future","url":"https:\/\/ofaffu.eu\/de\/","logo":{"@type":"ImageObject","inLanguage":"de-DE","@id":"https:\/\/ofaffu.eu\/de\/#\/schema\/logo\/image\/","url":"https:\/\/ofaffu.eu\/wp-content\/uploads\/2023\/02\/ofaffu-logo.png","contentUrl":"https:\/\/ofaffu.eu\/wp-content\/uploads\/2023\/02\/ofaffu-logo.png","width":801,"height":271,"caption":"OFAFFU \u2013 Organic Farming for Future"},"image":{"@id":"https:\/\/ofaffu.eu\/de\/#\/schema\/logo\/image\/"}}]}},"_links":{"self":[{"href":"https:\/\/ofaffu.eu\/de\/wp-json\/wp\/v2\/pages\/566"}],"collection":[{"href":"https:\/\/ofaffu.eu\/de\/wp-json\/wp\/v2\/pages"}],"about":[{"href":"https:\/\/ofaffu.eu\/de\/wp-json\/wp\/v2\/types\/page"}],"author":[{"embeddable":true,"href":"https:\/\/ofaffu.eu\/de\/wp-json\/wp\/v2\/users\/2"}],"replies":[{"embeddable":true,"href":"https:\/\/ofaffu.eu\/de\/wp-json\/wp\/v2\/comments?post=566"}],"version-history":[{"count":3,"href":"https:\/\/ofaffu.eu\/de\/wp-json\/wp\/v2\/pages\/566\/revisions"}],"predecessor-version":[{"id":950,"href":"https:\/\/ofaffu.eu\/de\/wp-json\/wp\/v2\/pages\/566\/revisions\/950"}],"wp:attachment":[{"href":"https:\/\/ofaffu.eu\/de\/wp-json\/wp\/v2\/media?parent=566"}],"curies":[{"name":"wp","href":"https:\/\/api.w.org\/{rel}","templated":true}]}}