{"id":525,"date":"2023-03-16T09:20:08","date_gmt":"2023-03-16T08:20:08","guid":{"rendered":"https:\/\/ofaffu.eu\/projektpartner\/"},"modified":"2023-03-19T18:07:30","modified_gmt":"2023-03-19T17:07:30","slug":"projektpartner","status":"publish","type":"page","link":"https:\/\/ofaffu.eu\/de\/projektpartner\/","title":{"rendered":"Projektpartner"},"content":{"rendered":"\t\t<div data-elementor-type=\"wp-page\" data-elementor-id=\"525\" class=\"elementor elementor-525 elementor-398\" data-elementor-post-type=\"page\">\n\t\t\t\t\t\t\t\t\t<section class=\"elementor-section elementor-top-section elementor-element elementor-element-2fbdcc2 elementor-section-content-top elementor-section-boxed elementor-section-height-default elementor-section-height-default\" data-id=\"2fbdcc2\" data-element_type=\"section\" data-settings=\"{&quot;background_background&quot;:&quot;classic&quot;}\">\n\t\t\t\t\t\t<div class=\"elementor-container elementor-column-gap-custom\">\n\t\t\t\t\t<div class=\"elementor-column elementor-col-50 elementor-top-column elementor-element elementor-element-9b18a2b\" data-id=\"9b18a2b\" data-element_type=\"column\">\n\t\t\t<div class=\"elementor-widget-wrap elementor-element-populated\">\n\t\t\t\t\t\t\t\t<div class=\"elementor-element elementor-element-b301e20 elementor-widget elementor-widget-heading\" data-id=\"b301e20\" data-element_type=\"widget\" data-widget_type=\"heading.default\">\n\t\t\t\t<div class=\"elementor-widget-container\">\n\t\t\t<style>\/*! elementor - v3.17.0 - 08-11-2023 *\/\n.elementor-heading-title{padding:0;margin:0;line-height:1}.elementor-widget-heading .elementor-heading-title[class*=elementor-size-]>a{color:inherit;font-size:inherit;line-height:inherit}.elementor-widget-heading .elementor-heading-title.elementor-size-small{font-size:15px}.elementor-widget-heading .elementor-heading-title.elementor-size-medium{font-size:19px}.elementor-widget-heading .elementor-heading-title.elementor-size-large{font-size:29px}.elementor-widget-heading .elementor-heading-title.elementor-size-xl{font-size:39px}.elementor-widget-heading .elementor-heading-title.elementor-size-xxl{font-size:59px}<\/style><h1 class=\"elementor-heading-title elementor-size-default\">Projekt- <br> \npartner<\/h1>\t\t<\/div>\n\t\t\t\t<\/div>\n\t\t\t\t\t<\/div>\n\t\t<\/div>\n\t\t\t\t<div class=\"elementor-column elementor-col-50 elementor-top-column elementor-element elementor-element-b1e96f3\" data-id=\"b1e96f3\" data-element_type=\"column\">\n\t\t\t<div class=\"elementor-widget-wrap elementor-element-populated\">\n\t\t\t\t\t\t\t\t<div class=\"elementor-element elementor-element-f27455e elementor-widget__width-initial elementor-widget elementor-widget-text-editor\" data-id=\"f27455e\" data-element_type=\"widget\" data-widget_type=\"text-editor.default\">\n\t\t\t\t<div class=\"elementor-widget-container\">\n\t\t\t<style>\/*! elementor - v3.17.0 - 08-11-2023 *\/\n.elementor-widget-text-editor.elementor-drop-cap-view-stacked .elementor-drop-cap{background-color:#69727d;color:#fff}.elementor-widget-text-editor.elementor-drop-cap-view-framed .elementor-drop-cap{color:#69727d;border:3px solid;background-color:transparent}.elementor-widget-text-editor:not(.elementor-drop-cap-view-default) .elementor-drop-cap{margin-top:8px}.elementor-widget-text-editor:not(.elementor-drop-cap-view-default) .elementor-drop-cap-letter{width:1em;height:1em}.elementor-widget-text-editor .elementor-drop-cap{float:left;text-align:center;line-height:1;font-size:50px}.elementor-widget-text-editor .elementor-drop-cap-letter{display:inline-block}<\/style>\t\t\t\t<p>OFFAFU verbindet zwei wesentliche Bereiche, welche Europa auf dem Weg in die Nachhaltigkeit transformieren wird: Bildung und Landwirtschaft. Und genau diese zwei Bereiche werden durch die Erfahrung und Expertise der Projektpartner abgedeckt. <strong>La BioFranqueza<\/strong> als erfolgreicher Landwirtschaftsproduzent im biologischen Gemueseanbau in Spanien und <strong>KARBON Consulting GmbH<\/strong> mit ihrer Bildungsexpertise und ihrem Qualit\u00e4tsanspruch, insbesondere bei europ\u00e4ischen Projekten.<\/p>\n\t\t\t\t\t\t<\/div>\n\t\t\t\t<\/div>\n\t\t\t\t\t<\/div>\n\t\t<\/div>\n\t\t\t\t\t\t\t<\/div>\n\t\t<\/section>\n\t\t\t\t<section class=\"elementor-section elementor-top-section elementor-element elementor-element-b470f24 elementor-section-boxed elementor-section-height-default elementor-section-height-default\" data-id=\"b470f24\" data-element_type=\"section\">\n\t\t\t\t\t\t<div class=\"elementor-container elementor-column-gap-default\">\n\t\t\t\t\t<div class=\"elementor-column elementor-col-50 elementor-top-column elementor-element elementor-element-04389d6\" data-id=\"04389d6\" data-element_type=\"column\">\n\t\t\t<div class=\"elementor-widget-wrap\">\n\t\t\t\t\t\t\t\t\t<\/div>\n\t\t<\/div>\n\t\t\t\t<div class=\"elementor-column elementor-col-50 elementor-top-column elementor-element elementor-element-971a618\" data-id=\"971a618\" data-element_type=\"column\">\n\t\t\t<div class=\"elementor-widget-wrap elementor-element-populated\">\n\t\t\t\t\t\t\t\t<div class=\"elementor-element elementor-element-93c576e e-transform elementor-widget elementor-widget-image\" data-id=\"93c576e\" data-element_type=\"widget\" data-settings=\"{&quot;_animation&quot;:&quot;none&quot;,&quot;_transform_rotateZ_effect_mobile&quot;:{&quot;unit&quot;:&quot;deg&quot;,&quot;size&quot;:335,&quot;sizes&quot;:[]},&quot;_transform_rotateZ_effect&quot;:{&quot;unit&quot;:&quot;px&quot;,&quot;size&quot;:&quot;&quot;,&quot;sizes&quot;:[]},&quot;_transform_rotateZ_effect_tablet&quot;:{&quot;unit&quot;:&quot;deg&quot;,&quot;size&quot;:&quot;&quot;,&quot;sizes&quot;:[]}}\" data-widget_type=\"image.default\">\n\t\t\t\t<div class=\"elementor-widget-container\">\n\t\t\t<style>\/*! elementor - v3.17.0 - 08-11-2023 *\/\n.elementor-widget-image{text-align:center}.elementor-widget-image a{display:inline-block}.elementor-widget-image a img[src$=\".svg\"]{width:48px}.elementor-widget-image img{vertical-align:middle;display:inline-block}<\/style>\t\t\t\t\t\t\t\t\t\t\t\t<img decoding=\"async\" width=\"1\" height=\"1\" src=\"https:\/\/ofaffu.eu\/wp-content\/uploads\/2023\/03\/ofaffu-pfeil.svg\" class=\"attachment-large size-large wp-image-374\" alt=\"\" loading=\"lazy\" \/>\t\t\t\t\t\t\t\t\t\t\t\t\t\t\t<\/div>\n\t\t\t\t<\/div>\n\t\t\t\t\t<\/div>\n\t\t<\/div>\n\t\t\t\t\t\t\t<\/div>\n\t\t<\/section>\n\t\t\t\t<section class=\"elementor-section elementor-top-section elementor-element elementor-element-d5e7a6f elementor-section-content-middle elementor-section-boxed elementor-section-height-default elementor-section-height-default\" data-id=\"d5e7a6f\" data-element_type=\"section\">\n\t\t\t\t\t\t<div class=\"elementor-container elementor-column-gap-custom\">\n\t\t\t\t\t<div class=\"elementor-column elementor-col-50 elementor-top-column elementor-element elementor-element-b102387\" data-id=\"b102387\" data-element_type=\"column\">\n\t\t\t<div class=\"elementor-widget-wrap elementor-element-populated\">\n\t\t\t\t\t\t\t\t<div class=\"elementor-element elementor-element-433c0a6 elementor-widget elementor-widget-heading\" data-id=\"433c0a6\" data-element_type=\"widget\" data-widget_type=\"heading.default\">\n\t\t\t\t<div class=\"elementor-widget-container\">\n\t\t\t<h2 class=\"elementor-heading-title elementor-size-default\">KARBON <\/br>\nConsulting GmbH<\/h2>\t\t<\/div>\n\t\t\t\t<\/div>\n\t\t\t\t<div class=\"elementor-element elementor-element-2327ab9 elementor-widget elementor-widget-text-editor\" data-id=\"2327ab9\" data-element_type=\"widget\" data-widget_type=\"text-editor.default\">\n\t\t\t\t<div class=\"elementor-widget-container\">\n\t\t\t\t\t\t\t<p style=\"font-size: 115%; margin-bottom: 0px;\"><strong>Bildung, die bewegt. Beratung, die wirkt. Ein nachhaltiger Mehrwert f\u00fcr Alle.<\/strong><\/p>\n\nDas sind die Leitgedanken von KARBON Consulting GmbH und finden sich in den drei Gesch\u00e4ftsbereichen Bildung, Beratung und Europ\u00e4ische Projekte wieder. Als Unternehmensberatung mit Sitz in Leutasch, Tirol \/ \u00d6sterreich ist die Organisation eingebunden in die Entwicklung von innovativen Bildungskonzepten in der Berufs-, Hochschul- und Erwachsenenbildung. Zudem geh\u00f6rt KARBON Consulting GmbH zu den treibenden Unternehmen in Tirol, die europ\u00e4ische Projekte konzipieren, managen und umsetzen.\t\t\t\t\t\t<\/div>\n\t\t\t\t<\/div>\n\t\t\t\t<div class=\"elementor-element elementor-element-526b846 elementor-widget elementor-widget-text-editor\" data-id=\"526b846\" data-element_type=\"widget\" data-widget_type=\"text-editor.default\">\n\t\t\t\t<div class=\"elementor-widget-container\">\n\t\t\t\t\t\t\t<p style=\"font-size: 115%; margin-bottom: 0px;\"><strong>Globale Entwicklungen mit regionalem Potential zu verbinden ist unsere St\u00e4rke.<\/strong><\/p>\n<p>KARBON Consulting GmbH positioniert sich zu den Sustainable Development Goals, ist Mitglied des UN Global Compact und des Internationalen Verbands f\u00fcr Bildungs- und Berufsberatung. Weiters d\u00fcrfen wir bereits seit einigen Jahren f\u00fcr die Landwirtschaftskammer sowie f\u00fcr das L\u00e4ndliche Fortbildungsinstitut im Training, in der Moderation und in der Referentinnent\u00e4tigkeit aktiv sein. Die Transformation des landwirtschaftlichen Bereichs ist KARBON Consulting GmbH ein besonderes Anliegen, da es schlie\u00dflich um die Zukunft von uns allen geht. Daher freut es uns sehr Teil von OFAFFU zu sein.<\/p>\n\t\t\t\t\t\t<\/div>\n\t\t\t\t<\/div>\n\t\t\t\t<div class=\"elementor-element elementor-element-8d0f3bc elementor-align-left elementor-widget elementor-widget-button\" data-id=\"8d0f3bc\" data-element_type=\"widget\" data-widget_type=\"button.default\">\n\t\t\t\t<div class=\"elementor-widget-container\">\n\t\t\t\t\t<div class=\"elementor-button-wrapper\">\n\t\t\t<a class=\"elementor-button elementor-button-link elementor-size-sm\" href=\"https:\/\/karbon-consulting.eu\/en\/\" target=\"_blank\">\n\t\t\t\t\t\t<span class=\"elementor-button-content-wrapper\">\n\t\t\t\t\t\t<span class=\"elementor-button-text\">Zur Website:<\/span>\n\t\t<\/span>\n\t\t\t\t\t<\/a>\n\t\t<\/div>\n\t\t\t\t<\/div>\n\t\t\t\t<\/div>\n\t\t\t\t\t<\/div>\n\t\t<\/div>\n\t\t\t\t<div class=\"elementor-column elementor-col-50 elementor-top-column elementor-element elementor-element-ba3f132\" data-id=\"ba3f132\" data-element_type=\"column\">\n\t\t\t<div class=\"elementor-widget-wrap elementor-element-populated\">\n\t\t\t\t\t\t\t\t<div class=\"elementor-element elementor-element-0cd3e46 elementor-widget elementor-widget-image\" data-id=\"0cd3e46\" data-element_type=\"widget\" data-widget_type=\"image.default\">\n\t\t\t\t<div class=\"elementor-widget-container\">\n\t\t\t\t\t\t\t\t\t\t\t\t\t\t\t<img decoding=\"async\" width=\"500\" height=\"550\" src=\"https:\/\/ofaffu.eu\/wp-content\/uploads\/2023\/03\/ofaffu-sonja-karbon.jpg\" class=\"attachment-large size-large wp-image-402\" alt=\"\" loading=\"lazy\" srcset=\"https:\/\/ofaffu.eu\/wp-content\/uploads\/2023\/03\/ofaffu-sonja-karbon.jpg 500w, https:\/\/ofaffu.eu\/wp-content\/uploads\/2023\/03\/ofaffu-sonja-karbon-273x300.jpg 273w\" sizes=\"(max-width: 500px) 100vw, 500px\" \/>\t\t\t\t\t\t\t\t\t\t\t\t\t\t\t<\/div>\n\t\t\t\t<\/div>\n\t\t\t\t\t<\/div>\n\t\t<\/div>\n\t\t\t\t\t\t\t<\/div>\n\t\t<\/section>\n\t\t\t\t<section class=\"elementor-section elementor-top-section elementor-element elementor-element-bacb112 elementor-section-content-middle elementor-section-boxed elementor-section-height-default elementor-section-height-default\" data-id=\"bacb112\" data-element_type=\"section\">\n\t\t\t\t\t\t<div class=\"elementor-container elementor-column-gap-custom\">\n\t\t\t\t\t<div class=\"elementor-column elementor-col-50 elementor-top-column elementor-element elementor-element-568dfdd\" data-id=\"568dfdd\" data-element_type=\"column\">\n\t\t\t<div class=\"elementor-widget-wrap elementor-element-populated\">\n\t\t\t\t\t\t\t\t<div class=\"elementor-element elementor-element-7735bb3 elementor-widget elementor-widget-heading\" data-id=\"7735bb3\" data-element_type=\"widget\" data-widget_type=\"heading.default\">\n\t\t\t\t<div class=\"elementor-widget-container\">\n\t\t\t<h2 class=\"elementor-heading-title elementor-size-default\">La BioFranqueza<\/h2>\t\t<\/div>\n\t\t\t\t<\/div>\n\t\t\t\t<div class=\"elementor-element elementor-element-241cf40 elementor-widget elementor-widget-text-editor\" data-id=\"241cf40\" data-element_type=\"widget\" data-widget_type=\"text-editor.default\">\n\t\t\t\t<div class=\"elementor-widget-container\">\n\t\t\t\t\t\t\t<p>Wir haben uns mittlerweile als eine der f\u00fchrenden Landwirtschaftsproduzenten in Caudiel mit Schwerpunkt auf Erzeugung von lokalem und saisonalem Bio-Gem\u00fcse etabliert. Unser Anspruch ist hochwertige Qualit\u00e4t mit Nachhaltigkeit zu verbinden. Die Kreislaufwirtschaft bei uns zeigt sich durch die Vermehrung lokalen Saatguts von alten Sorten und der Erh\u00f6hung der Biodiversit\u00e4t durch Anpflanzen von Blumen f\u00fcr Insekten, und den Wiederaufbau von Steinmauern f\u00fcr Kriechtiere. Es wird auf eine stabile Bodengesundheit durch die Bereitstellung von hochwertigem D\u00fcnger aus extensiver, lokaler Schafzucht geachtet. Weiters tr\u00e4gt LaBiofranqueza zur Aufrechterhaltung des traditionellem Bew\u00e4ssersystem namens &#8222;Acequias&#8220; bei, wodurch der Feuchtigkeitsgehalt und Grundwasserspiegel erh\u00f6ht werden.<\/p>\n\t\t\t\t\t\t<\/div>\n\t\t\t\t<\/div>\n\t\t\t\t<div class=\"elementor-element elementor-element-afb0d3f elementor-widget elementor-widget-text-editor\" data-id=\"afb0d3f\" data-element_type=\"widget\" data-widget_type=\"text-editor.default\">\n\t\t\t\t<div class=\"elementor-widget-container\">\n\t\t\t\t\t\t\t<p style=\"font-size: 115%; margin-bottom: 0px;\"><strong>Wir m\u00f6chten Landwirt:innen, besonders in abgelegenen Gebieten, wieder eine Perspektive geben und sie in ihrem Mut best\u00e4rken Zukunft mit zu gestalten.<\/strong><\/p>\n<p>Daher arbeitet La BioFranqueza auch in Kooperativen und engagiert sich f\u00fcr die Einf\u00fchrung neuer, nachhaltiger Konzepte f\u00fcr landwirtschaftliche Bauten unter Verwendung lokaler und nat\u00fcrlicher Materialen.<br \/>Bereits seit 10 Jahren sind wir aktiv in der Netzwerkarbeit. Neben der Erzeugung landwirtschaftlicher Produkte war wir bereits an regionalen Bildungsprojekten im Bereich der Landwirtschaft beteiligt wie zum Bsp. &#8222;Die Vergangenheit erforschen, die Zukunft sehen&#8220; &#8211; Erstellung von Unterrichtsmaterialen f\u00fcr Schulen in l\u00e4ndlichen Gebieten, Gestaltung von Ausstellungsmaterialen \u00fcber traditionelle l\u00e4ndliche Landschaften, Herausgabe von 2 B\u00fcchern (Traditionelle Architektur in historischen valencianischen Landwirtschaftssystemen und Andwendung von agrar\u00f6konomischer Methoden zum Schutz des historischen Landwirtschaftsystems) sowie Entwicklung und Gestaltung von Umwelt- und Bildungsworkshops f\u00fcr Schulen. <strong>Wir freuen uns mit OFAFFU f\u00fcr die Zukunft der biologischen Landwirtschaft wirken zu k\u00f6nnen.<\/strong><\/p>\n\t\t\t\t\t\t<\/div>\n\t\t\t\t<\/div>\n\t\t\t\t<div class=\"elementor-element elementor-element-fcd52ce elementor-align-left elementor-widget elementor-widget-button\" data-id=\"fcd52ce\" data-element_type=\"widget\" data-widget_type=\"button.default\">\n\t\t\t\t<div class=\"elementor-widget-container\">\n\t\t\t\t\t<div class=\"elementor-button-wrapper\">\n\t\t\t<a class=\"elementor-button elementor-button-link elementor-size-sm\" href=\"https:\/\/labiofranquesa.wordpress.com\/\" target=\"_blank\">\n\t\t\t\t\t\t<span class=\"elementor-button-content-wrapper\">\n\t\t\t\t\t\t<span class=\"elementor-button-text\">Zur Website:<\/span>\n\t\t<\/span>\n\t\t\t\t\t<\/a>\n\t\t<\/div>\n\t\t\t\t<\/div>\n\t\t\t\t<\/div>\n\t\t\t\t\t<\/div>\n\t\t<\/div>\n\t\t\t\t<div class=\"elementor-column elementor-col-50 elementor-top-column elementor-element elementor-element-4f45ee3\" data-id=\"4f45ee3\" data-element_type=\"column\">\n\t\t\t<div class=\"elementor-widget-wrap elementor-element-populated\">\n\t\t\t\t\t\t\t\t<div class=\"elementor-element elementor-element-52c493c elementor-widget elementor-widget-image\" data-id=\"52c493c\" data-element_type=\"widget\" data-widget_type=\"image.default\">\n\t\t\t\t<div class=\"elementor-widget-container\">\n\t\t\t\t\t\t\t\t\t\t\t\t\t\t\t<img decoding=\"async\" width=\"550\" height=\"410\" src=\"https:\/\/ofaffu.eu\/wp-content\/uploads\/2023\/03\/ofaffu-Thomas-Laimgruber.jpg\" class=\"attachment-large size-large wp-image-405\" alt=\"\" loading=\"lazy\" srcset=\"https:\/\/ofaffu.eu\/wp-content\/uploads\/2023\/03\/ofaffu-Thomas-Laimgruber.jpg 550w, https:\/\/ofaffu.eu\/wp-content\/uploads\/2023\/03\/ofaffu-Thomas-Laimgruber-300x224.jpg 300w\" sizes=\"(max-width: 550px) 100vw, 550px\" \/>\t\t\t\t\t\t\t\t\t\t\t\t\t\t\t<\/div>\n\t\t\t\t<\/div>\n\t\t\t\t\t<\/div>\n\t\t<\/div>\n\t\t\t\t\t\t\t<\/div>\n\t\t<\/section>\n\t\t\t\t\t\t\t<\/div>\n\t\t","protected":false},"excerpt":{"rendered":"<p>Projekt- partner OFFAFU verbindet zwei wesentliche Bereiche, welche Europa auf dem Weg in die Nachhaltigkeit transformieren wird: Bildung und Landwirtschaft. Und genau diese zwei Bereiche werden durch die Erfahrung und Expertise der Projektpartner abgedeckt. La BioFranqueza als erfolgreicher Landwirtschaftsproduzent im biologischen Gemueseanbau in Spanien und KARBON Consulting GmbH mit ihrer Bildungsexpertise und ihrem Qualit\u00e4tsanspruch, insbesondere [&hellip;]<\/p>\n","protected":false},"author":2,"featured_media":0,"parent":0,"menu_order":0,"comment_status":"closed","ping_status":"closed","template":"","meta":{"inline_featured_image":false},"yoast_head":"<!-- This site is optimized with the Yoast SEO plugin v20.3 - https:\/\/yoast.com\/wordpress\/plugins\/seo\/ -->\n<title>Projektpartner - OFAFFU \u2013 Organic Farming for Future<\/title>\n<meta name=\"robots\" content=\"index, follow, max-snippet:-1, max-image-preview:large, max-video-preview:-1\" \/>\n<link rel=\"canonical\" href=\"https:\/\/ofaffu.eu\/de\/projektpartner\/\" \/>\n<meta property=\"og:locale\" content=\"de_DE\" \/>\n<meta property=\"og:type\" content=\"article\" \/>\n<meta property=\"og:title\" content=\"Projektpartner - OFAFFU \u2013 Organic Farming for Future\" \/>\n<meta property=\"og:description\" content=\"Projekt- partner OFFAFU verbindet zwei wesentliche Bereiche, welche Europa auf dem Weg in die Nachhaltigkeit transformieren wird: Bildung und Landwirtschaft. Und genau diese zwei Bereiche werden durch die Erfahrung und Expertise der Projektpartner abgedeckt. La BioFranqueza als erfolgreicher Landwirtschaftsproduzent im biologischen Gemueseanbau in Spanien und KARBON Consulting GmbH mit ihrer Bildungsexpertise und ihrem Qualit\u00e4tsanspruch, insbesondere [&hellip;]\" \/>\n<meta property=\"og:url\" content=\"https:\/\/ofaffu.eu\/de\/projektpartner\/\" \/>\n<meta property=\"og:site_name\" content=\"OFAFFU \u2013 Organic Farming for Future\" \/>\n<meta property=\"article:modified_time\" content=\"2023-03-19T17:07:30+00:00\" \/>\n<meta property=\"og:image\" content=\"https:\/\/ofaffu.eu\/wp-content\/uploads\/2023\/03\/ofaffu-pfeil.svg\" \/>\n<meta name=\"twitter:card\" content=\"summary_large_image\" \/>\n<meta name=\"twitter:label1\" content=\"Est. reading time\" \/>\n\t<meta name=\"twitter:data1\" content=\"3 Minuten\" \/>\n<script type=\"application\/ld+json\" class=\"yoast-schema-graph\">{\"@context\":\"https:\/\/schema.org\",\"@graph\":[{\"@type\":\"WebPage\",\"@id\":\"https:\/\/ofaffu.eu\/de\/projektpartner\/\",\"url\":\"https:\/\/ofaffu.eu\/de\/projektpartner\/\",\"name\":\"Projektpartner - OFAFFU \u2013 Organic Farming for Future\",\"isPartOf\":{\"@id\":\"https:\/\/ofaffu.eu\/de\/#website\"},\"datePublished\":\"2023-03-16T08:20:08+00:00\",\"dateModified\":\"2023-03-19T17:07:30+00:00\",\"breadcrumb\":{\"@id\":\"https:\/\/ofaffu.eu\/de\/projektpartner\/#breadcrumb\"},\"inLanguage\":\"de-DE\",\"potentialAction\":[{\"@type\":\"ReadAction\",\"target\":[\"https:\/\/ofaffu.eu\/de\/projektpartner\/\"]}]},{\"@type\":\"BreadcrumbList\",\"@id\":\"https:\/\/ofaffu.eu\/de\/projektpartner\/#breadcrumb\",\"itemListElement\":[{\"@type\":\"ListItem\",\"position\":1,\"name\":\"Home\",\"item\":\"https:\/\/ofaffu.eu\/de\/\"},{\"@type\":\"ListItem\",\"position\":2,\"name\":\"Projektpartner\"}]},{\"@type\":\"WebSite\",\"@id\":\"https:\/\/ofaffu.eu\/de\/#website\",\"url\":\"https:\/\/ofaffu.eu\/de\/\",\"name\":\"OFAFFU \u2013 Organic Farming for Future\",\"description\":\"\",\"publisher\":{\"@id\":\"https:\/\/ofaffu.eu\/de\/#organization\"},\"potentialAction\":[{\"@type\":\"SearchAction\",\"target\":{\"@type\":\"EntryPoint\",\"urlTemplate\":\"https:\/\/ofaffu.eu\/de\/?s={search_term_string}\"},\"query-input\":\"required name=search_term_string\"}],\"inLanguage\":\"de-DE\"},{\"@type\":\"Organization\",\"@id\":\"https:\/\/ofaffu.eu\/de\/#organization\",\"name\":\"OFAFFU \u2013 Organic Farming for Future\",\"url\":\"https:\/\/ofaffu.eu\/de\/\",\"logo\":{\"@type\":\"ImageObject\",\"inLanguage\":\"de-DE\",\"@id\":\"https:\/\/ofaffu.eu\/de\/#\/schema\/logo\/image\/\",\"url\":\"https:\/\/ofaffu.eu\/wp-content\/uploads\/2023\/02\/ofaffu-logo.png\",\"contentUrl\":\"https:\/\/ofaffu.eu\/wp-content\/uploads\/2023\/02\/ofaffu-logo.png\",\"width\":801,\"height\":271,\"caption\":\"OFAFFU \u2013 Organic Farming for Future\"},\"image\":{\"@id\":\"https:\/\/ofaffu.eu\/de\/#\/schema\/logo\/image\/\"}}]}<\/script>\n<!-- \/ Yoast SEO plugin. -->","yoast_head_json":{"title":"Projektpartner - OFAFFU \u2013 Organic Farming for Future","robots":{"index":"index","follow":"follow","max-snippet":"max-snippet:-1","max-image-preview":"max-image-preview:large","max-video-preview":"max-video-preview:-1"},"canonical":"https:\/\/ofaffu.eu\/de\/projektpartner\/","og_locale":"de_DE","og_type":"article","og_title":"Projektpartner - OFAFFU \u2013 Organic Farming for Future","og_description":"Projekt- partner OFFAFU verbindet zwei wesentliche Bereiche, welche Europa auf dem Weg in die Nachhaltigkeit transformieren wird: Bildung und Landwirtschaft. Und genau diese zwei Bereiche werden durch die Erfahrung und Expertise der Projektpartner abgedeckt. La BioFranqueza als erfolgreicher Landwirtschaftsproduzent im biologischen Gemueseanbau in Spanien und KARBON Consulting GmbH mit ihrer Bildungsexpertise und ihrem Qualit\u00e4tsanspruch, insbesondere [&hellip;]","og_url":"https:\/\/ofaffu.eu\/de\/projektpartner\/","og_site_name":"OFAFFU \u2013 Organic Farming for Future","article_modified_time":"2023-03-19T17:07:30+00:00","og_image":[{"url":"https:\/\/ofaffu.eu\/wp-content\/uploads\/2023\/03\/ofaffu-pfeil.svg"}],"twitter_card":"summary_large_image","twitter_misc":{"Est. reading time":"3 Minuten"},"schema":{"@context":"https:\/\/schema.org","@graph":[{"@type":"WebPage","@id":"https:\/\/ofaffu.eu\/de\/projektpartner\/","url":"https:\/\/ofaffu.eu\/de\/projektpartner\/","name":"Projektpartner - OFAFFU \u2013 Organic Farming for Future","isPartOf":{"@id":"https:\/\/ofaffu.eu\/de\/#website"},"datePublished":"2023-03-16T08:20:08+00:00","dateModified":"2023-03-19T17:07:30+00:00","breadcrumb":{"@id":"https:\/\/ofaffu.eu\/de\/projektpartner\/#breadcrumb"},"inLanguage":"de-DE","potentialAction":[{"@type":"ReadAction","target":["https:\/\/ofaffu.eu\/de\/projektpartner\/"]}]},{"@type":"BreadcrumbList","@id":"https:\/\/ofaffu.eu\/de\/projektpartner\/#breadcrumb","itemListElement":[{"@type":"ListItem","position":1,"name":"Home","item":"https:\/\/ofaffu.eu\/de\/"},{"@type":"ListItem","position":2,"name":"Projektpartner"}]},{"@type":"WebSite","@id":"https:\/\/ofaffu.eu\/de\/#website","url":"https:\/\/ofaffu.eu\/de\/","name":"OFAFFU \u2013 Organic Farming for Future","description":"","publisher":{"@id":"https:\/\/ofaffu.eu\/de\/#organization"},"potentialAction":[{"@type":"SearchAction","target":{"@type":"EntryPoint","urlTemplate":"https:\/\/ofaffu.eu\/de\/?s={search_term_string}"},"query-input":"required name=search_term_string"}],"inLanguage":"de-DE"},{"@type":"Organization","@id":"https:\/\/ofaffu.eu\/de\/#organization","name":"OFAFFU \u2013 Organic Farming for Future","url":"https:\/\/ofaffu.eu\/de\/","logo":{"@type":"ImageObject","inLanguage":"de-DE","@id":"https:\/\/ofaffu.eu\/de\/#\/schema\/logo\/image\/","url":"https:\/\/ofaffu.eu\/wp-content\/uploads\/2023\/02\/ofaffu-logo.png","contentUrl":"https:\/\/ofaffu.eu\/wp-content\/uploads\/2023\/02\/ofaffu-logo.png","width":801,"height":271,"caption":"OFAFFU \u2013 Organic Farming for Future"},"image":{"@id":"https:\/\/ofaffu.eu\/de\/#\/schema\/logo\/image\/"}}]}},"_links":{"self":[{"href":"https:\/\/ofaffu.eu\/de\/wp-json\/wp\/v2\/pages\/525"}],"collection":[{"href":"https:\/\/ofaffu.eu\/de\/wp-json\/wp\/v2\/pages"}],"about":[{"href":"https:\/\/ofaffu.eu\/de\/wp-json\/wp\/v2\/types\/page"}],"author":[{"embeddable":true,"href":"https:\/\/ofaffu.eu\/de\/wp-json\/wp\/v2\/users\/2"}],"replies":[{"embeddable":true,"href":"https:\/\/ofaffu.eu\/de\/wp-json\/wp\/v2\/comments?post=525"}],"version-history":[{"count":3,"href":"https:\/\/ofaffu.eu\/de\/wp-json\/wp\/v2\/pages\/525\/revisions"}],"predecessor-version":[{"id":528,"href":"https:\/\/ofaffu.eu\/de\/wp-json\/wp\/v2\/pages\/525\/revisions\/528"}],"wp:attachment":[{"href":"https:\/\/ofaffu.eu\/de\/wp-json\/wp\/v2\/media?parent=525"}],"curies":[{"name":"wp","href":"https:\/\/api.w.org\/{rel}","templated":true}]}}